{"id":4521,"date":"2019-10-02T10:55:51","date_gmt":"2019-10-02T07:55:51","guid":{"rendered":"https:\/\/oz-plugin.com\/?page_id=4521"},"modified":"2021-08-23T17:42:26","modified_gmt":"2021-08-23T14:42:26","slug":"tutorials","status":"publish","type":"page","link":"https:\/\/oz-plugin.com\/pb\/tutorials\/","title":{"rendered":"(EN) Tutorials"},"content":{"rendered":"<p class=\"qtranxs-available-languages-message qtranxs-available-languages-message-pb\">Desculpe-nos, mas este texto est\u00e1 apenas dispon\u00edvel em <a href=\"https:\/\/oz-plugin.com\/en\/wp-json\/wp\/v2\/pages\/4521\" class=\"qtranxs-available-language-link qtranxs-available-language-link-en\" title=\"EN\">Ingl\u00eas Americano<\/a> y <a href=\"https:\/\/oz-plugin.com\/ru\/wp-json\/wp\/v2\/pages\/4521\" class=\"qtranxs-available-language-link qtranxs-available-language-link-ru\" title=\"RU\">Russo<\/a>.<\/p><p><\/p>\n<div class=\"row\">\n<div class=\"col-12 col-sm-6\">\n<h5>Basic setting<\/h5>\n<p><iframe loading=\"lazy\" title=\"Book an appointment online PRO - WordPress appointment booking plugin | Install and setup plugin\" width=\"500\" height=\"281\" src=\"https:\/\/www.youtube.com\/embed\/JfXPf9UToiw?feature=oembed\" frameborder=\"0\" allow=\"accelerometer; autoplay; clipboard-write; encrypted-media; gyroscope; picture-in-picture\" allowfullscreen><\/iframe><\/p>\n<\/div>\n<div class=\"col-12 col-sm-6\">\n<h5>Google Calendar<\/h5>\n<p><iframe loading=\"lazy\" title=\"Customizing integration with Google Calendar - Book an appointment online PRO\" width=\"500\" height=\"281\" src=\"https:\/\/www.youtube.com\/embed\/hZhhWIDPQjk?feature=oembed\" frameborder=\"0\" allow=\"accelerometer; autoplay; clipboard-write; encrypted-media; gyroscope; picture-in-picture\" allowfullscreen><\/iframe><\/p>\n<\/div>\n<div class=\"col-12 col-sm-6 mt-2\">\n<h5>Video conference (video chat)<\/h5>\n<p><iframe loading=\"lazy\" title=\"How To Make Video Conference with WordPress | Book an appointment online PRO\" width=\"500\" height=\"281\" src=\"https:\/\/www.youtube.com\/embed\/uNRgx5darcY?feature=oembed\" frameborder=\"0\" allow=\"accelerometer; autoplay; clipboard-write; encrypted-media; gyroscope; picture-in-picture\" allowfullscreen><\/iframe><\/p>\n<\/div>\n<div class=\"col-12 col-sm-6 mt-2\">\n<h5>How to log in to mobile app<\/h5>\n<p><iframe loading=\"lazy\" title=\"How to log in to mobile app. OzApp - mobile app for Book an appointment online PRO WordPress plugin.\" width=\"500\" height=\"375\" src=\"https:\/\/www.youtube.com\/embed\/UhN3Oeu-dVg?feature=oembed\" frameborder=\"0\" allow=\"accelerometer; autoplay; clipboard-write; encrypted-media; gyroscope; picture-in-picture\" allowfullscreen><\/iframe><\/p>\n<\/div>\n<div class=\"col-12 col-sm-6 mt-2\">\n<h5>How Staff Can Register On Your Site And Manage Their Appointments<\/h5>\n<p><iframe loading=\"lazy\" title=\"How Staff Can Register In Your Appointment Booking System On WordPress\" width=\"500\" height=\"281\" src=\"https:\/\/www.youtube.com\/embed\/WUkWTG0qnrg?feature=oembed\" frameborder=\"0\" allow=\"accelerometer; autoplay; clipboard-write; encrypted-media; gyroscope; picture-in-picture\" allowfullscreen><\/iframe>\n<\/div>\n<\/div>\n<p><\/p>","protected":false},"excerpt":{"rendered":"<p>Desculpe-nos, mas este texto est\u00e1 apenas dispon\u00edvel em Ingl\u00eas Americano y Russo. Basic setting Google Calendar Video conference (video chat) How to log in to mobile app How Staff Can Register On Your Site And Manage Their Appointments<\/p>\n","protected":false},"author":1,"featured_media":0,"parent":0,"menu_order":0,"comment_status":"closed","ping_status":"closed","template":"","meta":{"footnotes":""},"_links":{"self":[{"href":"https:\/\/oz-plugin.com\/pb\/wp-json\/wp\/v2\/pages\/4521"}],"collection":[{"href":"https:\/\/oz-plugin.com\/pb\/wp-json\/wp\/v2\/pages"}],"about":[{"href":"https:\/\/oz-plugin.com\/pb\/wp-json\/wp\/v2\/types\/page"}],"author":[{"embeddable":true,"href":"https:\/\/oz-plugin.com\/pb\/wp-json\/wp\/v2\/users\/1"}],"replies":[{"embeddable":true,"href":"https:\/\/oz-plugin.com\/pb\/wp-json\/wp\/v2\/comments?post=4521"}],"version-history":[{"count":1,"href":"https:\/\/oz-plugin.com\/pb\/wp-json\/wp\/v2\/pages\/4521\/revisions"}],"predecessor-version":[{"id":4522,"href":"https:\/\/oz-plugin.com\/pb\/wp-json\/wp\/v2\/pages\/4521\/revisions\/4522"}],"wp:attachment":[{"href":"https:\/\/oz-plugin.com\/pb\/wp-json\/wp\/v2\/media?parent=4521"}],"curies":[{"name":"wp","href":"https:\/\/api.w.org\/{rel}","templated":true}]}}