{"id":25084,"date":"2023-08-25T15:25:24","date_gmt":"2023-08-25T22:25:24","guid":{"rendered":"https:\/\/oz-plugin.com\/?page_id=25084"},"modified":"2023-08-28T17:28:33","modified_gmt":"2023-08-29T00:28:33","slug":"appointment-booking-plugin-for-attorneys-and-lawyers","status":"publish","type":"page","link":"https:\/\/oz-plugin.com\/pb\/appointment-booking-plugin-for-attorneys-and-lawyers\/","title":{"rendered":"Plugin de Agendamento de Consultas para Advogados e Juristas"},"content":{"rendered":"<p><\/p>\n<div class=\"zp-horizontal-block\">\n<div class=\"zp-horizontal-img\">\n<a target=\"_blank\" href=\"https:\/\/appointment-attorney.oz-plugin.com\" rel=\"noopener\"><br \/>\n<img decoding=\"async\" loading=\"lazy\" src=\"https:\/\/oz-plugin.com\/wp-content\/uploads\/2023\/08\/test-book18919.gif\" alt=\"\" width=\"638\" height=\"399\" class=\"aligncenter size-full wp-image-25045\" \/><br \/>\n<\/a>\n<\/div>\n<div class=\"zp-horizontal-content\">\n<h1>Plugin de Agendamento de Consultas para Advogados e Juristas<\/h1>\n<p>\nDescubra o Nosso Sistema de Agendamento de Consultas para Advogados!<br \/>\nChamando todos os advogados e juristas! Eleve a sua pr\u00e1tica com o nosso eficiente sistema de agendamento de consultas. Simplifique o agendamento, melhore o envolvimento com o cliente e aumente a sua presen\u00e7a online. Espec\u00edfico para profissionais do direito, \u00e9 a chave para uma pr\u00e1tica mais eficiente e centrada no cliente. Experimente hoje mesmo e sinta a diferen\u00e7a.\n<\/p>\n<p><a target=\"_blank\" title=\"Plugin de Agendamento de Consultas para Advogados e Juristas\" href=\"https:\/\/appointment-attorney.oz-plugin.com\" class=\"btn_accent\" rel=\"noopener\">Ver demonstra\u00e7\u00e3o<\/a>\n<\/div>\n<\/div>\n<p><\/p>","protected":false},"excerpt":{"rendered":"<p>Plugin de Agendamento de Consultas para Advogados e Juristas Descubra o Nosso Sistema de Agendamento de Consultas para Advogados! Chamando todos os advogados e juristas! Eleve a sua pr\u00e1tica com o nosso eficiente sistema de agendamento de consultas. Simplifique o agendamento, melhore o envolvimento com o cliente e aumente a sua presen\u00e7a online. Espec\u00edfico para [&hellip;]<\/p>\n","protected":false},"author":1,"featured_media":0,"parent":0,"menu_order":0,"comment_status":"closed","ping_status":"closed","template":"","meta":{"footnotes":""},"_links":{"self":[{"href":"https:\/\/oz-plugin.com\/pb\/wp-json\/wp\/v2\/pages\/25084"}],"collection":[{"href":"https:\/\/oz-plugin.com\/pb\/wp-json\/wp\/v2\/pages"}],"about":[{"href":"https:\/\/oz-plugin.com\/pb\/wp-json\/wp\/v2\/types\/page"}],"author":[{"embeddable":true,"href":"https:\/\/oz-plugin.com\/pb\/wp-json\/wp\/v2\/users\/1"}],"replies":[{"embeddable":true,"href":"https:\/\/oz-plugin.com\/pb\/wp-json\/wp\/v2\/comments?post=25084"}],"version-history":[{"count":4,"href":"https:\/\/oz-plugin.com\/pb\/wp-json\/wp\/v2\/pages\/25084\/revisions"}],"predecessor-version":[{"id":25120,"href":"https:\/\/oz-plugin.com\/pb\/wp-json\/wp\/v2\/pages\/25084\/revisions\/25120"}],"wp:attachment":[{"href":"https:\/\/oz-plugin.com\/pb\/wp-json\/wp\/v2\/media?parent=25084"}],"curies":[{"name":"wp","href":"https:\/\/api.w.org\/{rel}","templated":true}]}}