{"id":25077,"date":"2023-08-25T09:32:44","date_gmt":"2023-08-25T16:32:44","guid":{"rendered":"https:\/\/oz-plugin.com\/?page_id=25077"},"modified":"2023-08-28T17:27:44","modified_gmt":"2023-08-29T00:27:44","slug":"appointment-booking-system-for-astrology-psychic-tarot-reader","status":"publish","type":"page","link":"https:\/\/oz-plugin.com\/pb\/appointment-booking-system-for-astrology-psychic-tarot-reader\/","title":{"rendered":"Sistema de Agendamento de Consultas para Astrologia, Ps\u00edquicos e Leitores de Tar\u00f4"},"content":{"rendered":"<p><\/p>\n<div class=\"zp-horizontal-block\">\n<div class=\"zp-horizontal-img\">\n        <a target=\"_blank\" href=\"https:\/\/appointment-tarot.oz-plugin.com\" rel=\"noopener\"><br \/>\n            <img decoding=\"async\" loading=\"lazy\" src=\"https:\/\/oz-plugin.com\/wp-content\/uploads\/2023\/08\/test-book18918.gif\" alt=\"\" width=\"638\" height=\"399\" class=\"aligncenter size-full wp-image-25045\" \/><br \/>\n        <\/a>\n    <\/div>\n<div class=\"zp-horizontal-content\">\n<h1>Sistema de Agendamento de Consultas para Astrologia, Ps\u00edquicos e Leitores de Tar\u00f4<\/h1>\n<p>\n            Bem-vindo ao nosso intuitivo e eficiente sistema de agendamento de consultas, criado especialmente para aqueles que buscam por servi\u00e7os de astrologia, insights ps\u00edquicos, leituras de tar\u00f4 e quiromancia. Descubra uma forma conveniente de conectar-se com profissionais talentosos que se especializam em desvendar os mist\u00e9rios da vida. Nossa plataforma de f\u00e1cil utiliza\u00e7\u00e3o permite que voc\u00ea agende sess\u00f5es personalizadas com experientes videntes, astr\u00f3logos, ps\u00edquicos, leitores de tar\u00f4 e quiromantes, tudo ao alcance dos seus dedos. Explore o reino m\u00edstico e obtenha valiosos insights sobre seu passado, presente e futuro por meio do nosso descomplicado sistema de agendamento de consultas.\n        <\/p>\n<p>        <a target=\"_blank\" title=\"Sistema de Agendamento de Consultas para Astrologia, Ps\u00edquicos e Leitores de Tar\u00f4\" href=\"https:\/\/appointment-tarot.oz-plugin.com\" class=\"btn_accent\" rel=\"noopener\">Ver demonstra\u00e7\u00e3o<\/a>\n    <\/div>\n<\/div>\n<p><\/p>","protected":false},"excerpt":{"rendered":"<p>Sistema de Agendamento de Consultas para Astrologia, Ps\u00edquicos e Leitores de Tar\u00f4 Bem-vindo ao nosso intuitivo e eficiente sistema de agendamento de consultas, criado especialmente para aqueles que buscam por servi\u00e7os de astrologia, insights ps\u00edquicos, leituras de tar\u00f4 e quiromancia. Descubra uma forma conveniente de conectar-se com profissionais talentosos que se especializam em desvendar os [&hellip;]<\/p>\n","protected":false},"author":1,"featured_media":0,"parent":0,"menu_order":0,"comment_status":"closed","ping_status":"closed","template":"","meta":{"footnotes":""},"_links":{"self":[{"href":"https:\/\/oz-plugin.com\/pb\/wp-json\/wp\/v2\/pages\/25077"}],"collection":[{"href":"https:\/\/oz-plugin.com\/pb\/wp-json\/wp\/v2\/pages"}],"about":[{"href":"https:\/\/oz-plugin.com\/pb\/wp-json\/wp\/v2\/types\/page"}],"author":[{"embeddable":true,"href":"https:\/\/oz-plugin.com\/pb\/wp-json\/wp\/v2\/users\/1"}],"replies":[{"embeddable":true,"href":"https:\/\/oz-plugin.com\/pb\/wp-json\/wp\/v2\/comments?post=25077"}],"version-history":[{"count":2,"href":"https:\/\/oz-plugin.com\/pb\/wp-json\/wp\/v2\/pages\/25077\/revisions"}],"predecessor-version":[{"id":25119,"href":"https:\/\/oz-plugin.com\/pb\/wp-json\/wp\/v2\/pages\/25077\/revisions\/25119"}],"wp:attachment":[{"href":"https:\/\/oz-plugin.com\/pb\/wp-json\/wp\/v2\/media?parent=25077"}],"curies":[{"name":"wp","href":"https:\/\/api.w.org\/{rel}","templated":true}]}}