{"id":25069,"date":"2023-08-24T22:08:58","date_gmt":"2023-08-25T05:08:58","guid":{"rendered":"https:\/\/oz-plugin.com\/?page_id=25069"},"modified":"2023-08-28T17:22:58","modified_gmt":"2023-08-29T00:22:58","slug":"appointment-booking-system-for-wellness-spa-and-beauty","status":"publish","type":"page","link":"https:\/\/oz-plugin.com\/pb\/appointment-booking-system-for-wellness-spa-and-beauty\/","title":{"rendered":"Sistema de agendamento de consultas para bem-estar, spa e beleza"},"content":{"rendered":"<p><\/p>\n<div class=\"zp-horizontal-block\">\n<div class=\"zp-horizontal-img\">\n<a target=\"_blank\" href=\"https:\/\/appointment-wellness.oz-plugin.com\/\" rel=\"noopener\"><br \/>\n<img decoding=\"async\" loading=\"lazy\" src=\"https:\/\/oz-plugin.com\/wp-content\/uploads\/2023\/08\/test-book18917.gif\" alt=\"\" width=\"638\" height=\"399\" class=\"aligncenter size-full wp-image-25045\" \/><br \/>\n<\/a>\n<\/div>\n<div class=\"zp-horizontal-content\">\n<h1>Sistema de agendamento para bem-estar, spa e beleza<\/h1>\n<p>\nImpulsione o seu neg\u00f3cio de bem-estar, spa ou beleza com o nosso sistema de agendamento de alta qualidade. Agende com facilidade servi\u00e7os cobi\u00e7ados, como faciais, massagens, esfolia\u00e7\u00f5es corporais e tratamentos capilares. Melhore a visibilidade online e a receita oferecendo um agendamento sem complica\u00e7\u00f5es para tratamentos muito procurados, como massagens de tecido profundo, extens\u00f5es de c\u00edlios e sess\u00f5es de bem-estar hol\u00edsticas. Junte-se \u00e0 transforma\u00e7\u00e3o digital e melhore a sua classifica\u00e7\u00e3o nos motores de busca com a nossa plataforma de agendamento de f\u00e1cil utiliza\u00e7\u00e3o.\n<\/p>\n<p><a target=\"_blank\" title=\"Sistema de agendamento para bem-estar, spa e beleza\" href=\"https:\/\/appointment-wellness.oz-plugin.com\/\" class=\"btn_accent\" rel=\"noopener\">Ver demonstra\u00e7\u00e3o<\/a>\n<\/div>\n<\/div>\n<p><\/p>","protected":false},"excerpt":{"rendered":"<p>Sistema de agendamento para bem-estar, spa e beleza Impulsione o seu neg\u00f3cio de bem-estar, spa ou beleza com o nosso sistema de agendamento de alta qualidade. Agende com facilidade servi\u00e7os cobi\u00e7ados, como faciais, massagens, esfolia\u00e7\u00f5es corporais e tratamentos capilares. Melhore a visibilidade online e a receita oferecendo um agendamento sem complica\u00e7\u00f5es para tratamentos muito procurados, [&hellip;]<\/p>\n","protected":false},"author":1,"featured_media":0,"parent":0,"menu_order":0,"comment_status":"closed","ping_status":"closed","template":"","meta":{"footnotes":""},"_links":{"self":[{"href":"https:\/\/oz-plugin.com\/pb\/wp-json\/wp\/v2\/pages\/25069"}],"collection":[{"href":"https:\/\/oz-plugin.com\/pb\/wp-json\/wp\/v2\/pages"}],"about":[{"href":"https:\/\/oz-plugin.com\/pb\/wp-json\/wp\/v2\/types\/page"}],"author":[{"embeddable":true,"href":"https:\/\/oz-plugin.com\/pb\/wp-json\/wp\/v2\/users\/1"}],"replies":[{"embeddable":true,"href":"https:\/\/oz-plugin.com\/pb\/wp-json\/wp\/v2\/comments?post=25069"}],"version-history":[{"count":2,"href":"https:\/\/oz-plugin.com\/pb\/wp-json\/wp\/v2\/pages\/25069\/revisions"}],"predecessor-version":[{"id":25115,"href":"https:\/\/oz-plugin.com\/pb\/wp-json\/wp\/v2\/pages\/25069\/revisions\/25115"}],"wp:attachment":[{"href":"https:\/\/oz-plugin.com\/pb\/wp-json\/wp\/v2\/media?parent=25069"}],"curies":[{"name":"wp","href":"https:\/\/api.w.org\/{rel}","templated":true}]}}