{"id":25057,"date":"2023-08-24T12:03:53","date_gmt":"2023-08-24T19:03:53","guid":{"rendered":"https:\/\/oz-plugin.com\/?page_id=25057"},"modified":"2023-08-28T17:25:43","modified_gmt":"2023-08-29T00:25:43","slug":"appointment-booking-system-for-coaches-influencers","status":"publish","type":"page","link":"https:\/\/oz-plugin.com\/pb\/appointment-booking-system-for-coaches-influencers\/","title":{"rendered":"Sistema de agendamento de consultas para treinadores, influenciadores, mentores"},"content":{"rendered":"<p><\/p>\n<div class=\"zp-horizontal-block\">\n<div class=\"zp-horizontal-img\">\n<a target=\"_blank\" href=\"https:\/\/appointment-consultant.oz-plugin.com\/\" rel=\"noopener\"><br \/>\n<img decoding=\"async\" loading=\"lazy\" src=\"https:\/\/oz-plugin.com\/wp-content\/uploads\/2023\/08\/test-book18916.gif\" alt=\"\" width=\"638\" height=\"399\" class=\"aligncenter size-full wp-image-25045\" \/><br \/>\n<\/a>\n<\/div>\n<div class=\"zp-horizontal-content\">\n<h1>Sistema de agendamento de consultas para treinadores, influenciadores e mentores<\/h1>\n<p>\nEleve a sua carreira em desenvolvimento pessoal, blogging ou influenciador com o nosso sistema de agendamento de consultas otimizado para SEO. Integre perfeitamente esta ferramenta amig\u00e1vel na sua plataforma online, permitindo que os seus clientes ou seguidores agendem sess\u00f5es ou consultas com facilidade. Aumente a sua presen\u00e7a online e credibilidade, liberando mais tempo para fornecer conte\u00fado valioso e orienta\u00e7\u00e3o. Descubra como o nosso eficiente sistema de agendamento pode impulsionar a sua profissionalismo e atrair um p\u00fablico mais amplo, levando a sua jornada de desenvolvimento pessoal ou influenciador a novos patamares.\n<\/p>\n<p><a target=\"_blank\" title=\"Sistema de agendamento de consultas para treinadores, influenciadores\" href=\"https:\/\/appointment-consultant.oz-plugin.com\/\" class=\"btn_accent\" rel=\"noopener\">Ver demonstra\u00e7\u00e3o<\/a>\n<\/div>\n<\/div>\n<p><\/p>","protected":false},"excerpt":{"rendered":"<p>Sistema de agendamento de consultas para treinadores, influenciadores e mentores Eleve a sua carreira em desenvolvimento pessoal, blogging ou influenciador com o nosso sistema de agendamento de consultas otimizado para SEO. Integre perfeitamente esta ferramenta amig\u00e1vel na sua plataforma online, permitindo que os seus clientes ou seguidores agendem sess\u00f5es ou consultas com facilidade. Aumente a [&hellip;]<\/p>\n","protected":false},"author":1,"featured_media":0,"parent":0,"menu_order":0,"comment_status":"closed","ping_status":"closed","template":"","meta":{"footnotes":""},"_links":{"self":[{"href":"https:\/\/oz-plugin.com\/pb\/wp-json\/wp\/v2\/pages\/25057"}],"collection":[{"href":"https:\/\/oz-plugin.com\/pb\/wp-json\/wp\/v2\/pages"}],"about":[{"href":"https:\/\/oz-plugin.com\/pb\/wp-json\/wp\/v2\/types\/page"}],"author":[{"embeddable":true,"href":"https:\/\/oz-plugin.com\/pb\/wp-json\/wp\/v2\/users\/1"}],"replies":[{"embeddable":true,"href":"https:\/\/oz-plugin.com\/pb\/wp-json\/wp\/v2\/comments?post=25057"}],"version-history":[{"count":2,"href":"https:\/\/oz-plugin.com\/pb\/wp-json\/wp\/v2\/pages\/25057\/revisions"}],"predecessor-version":[{"id":25118,"href":"https:\/\/oz-plugin.com\/pb\/wp-json\/wp\/v2\/pages\/25057\/revisions\/25118"}],"wp:attachment":[{"href":"https:\/\/oz-plugin.com\/pb\/wp-json\/wp\/v2\/media?parent=25057"}],"curies":[{"name":"wp","href":"https:\/\/api.w.org\/{rel}","templated":true}]}}