{"id":25050,"date":"2023-08-24T07:49:26","date_gmt":"2023-08-24T14:49:26","guid":{"rendered":"https:\/\/oz-plugin.com\/?page_id=25050"},"modified":"2023-08-28T17:23:55","modified_gmt":"2023-08-29T00:23:55","slug":"appointment-booking-system-for-tutors","status":"publish","type":"page","link":"https:\/\/oz-plugin.com\/pb\/appointment-booking-system-for-tutors\/","title":{"rendered":"Sistema de agendamento de consultas para tutores"},"content":{"rendered":"<p><\/p>\n<div class=\"zp-horizontal-block\">\n<div class=\"zp-horizontal-img\">\n<a target=\"_blank\" href=\"https:\/\/appointment-tutors.oz-plugin.com\/\" rel=\"noopener\"><br \/>\n<img decoding=\"async\" loading=\"lazy\" src=\"https:\/\/oz-plugin.com\/wp-content\/uploads\/2023\/08\/test-book18915.gif\" alt=\"\" width=\"638\" height=\"399\" class=\"aligncenter size-full wp-image-25045\" \/><br \/>\n<\/a>\n<\/div>\n<div class=\"zp-horizontal-content\">\n<h1>Sistema de agendamento de consultas para tutores<\/h1>\n<p>\nBem-vindo ao nosso eficiente sistema de agendamento de consultas, projetado especificamente para tutores! Otimize o seu neg\u00f3cio de tutoria e conecte-se com alunos nas \u00e1reas mais populares de aprendizado. Seja em disciplinas acad\u00eamicas, prepara\u00e7\u00e3o para testes, aprendizado de idiomas ou desenvolvimento de habilidades, nossa plataforma atende a uma ampla gama de campos de tutoria. Abra\u00e7e o futuro da educa\u00e7\u00e3o utilizando nossa integra\u00e7\u00e3o de v\u00eddeo sem interrup\u00e7\u00f5es, que permite a realiza\u00e7\u00e3o de aulas interativas e eficazes remotamente. Com nossa interface amig\u00e1vel, gerenciar sua agenda e fornecer educa\u00e7\u00e3o online de alta qualidade nunca foi t\u00e3o f\u00e1cil. Junte-se a n\u00f3s hoje e revolucione a forma como voc\u00ea ensina e se envolve com os alunos!\n<\/p>\n<p><a target=\"_blank\" title=\"Sistema de agendamento de consultas para tutores\" href=\"https:\/\/appointment-tutors.oz-plugin.com\/\" class=\"btn_accent\" rel=\"noopener\">Veja a demonstra\u00e7\u00e3o<\/a>\n<\/div>\n<\/div>\n<p><\/p>","protected":false},"excerpt":{"rendered":"<p>Sistema de agendamento de consultas para tutores Bem-vindo ao nosso eficiente sistema de agendamento de consultas, projetado especificamente para tutores! Otimize o seu neg\u00f3cio de tutoria e conecte-se com alunos nas \u00e1reas mais populares de aprendizado. Seja em disciplinas acad\u00eamicas, prepara\u00e7\u00e3o para testes, aprendizado de idiomas ou desenvolvimento de habilidades, nossa plataforma atende a uma [&hellip;]<\/p>\n","protected":false},"author":1,"featured_media":0,"parent":0,"menu_order":0,"comment_status":"closed","ping_status":"closed","template":"","meta":{"footnotes":""},"_links":{"self":[{"href":"https:\/\/oz-plugin.com\/pb\/wp-json\/wp\/v2\/pages\/25050"}],"collection":[{"href":"https:\/\/oz-plugin.com\/pb\/wp-json\/wp\/v2\/pages"}],"about":[{"href":"https:\/\/oz-plugin.com\/pb\/wp-json\/wp\/v2\/types\/page"}],"author":[{"embeddable":true,"href":"https:\/\/oz-plugin.com\/pb\/wp-json\/wp\/v2\/users\/1"}],"replies":[{"embeddable":true,"href":"https:\/\/oz-plugin.com\/pb\/wp-json\/wp\/v2\/comments?post=25050"}],"version-history":[{"count":3,"href":"https:\/\/oz-plugin.com\/pb\/wp-json\/wp\/v2\/pages\/25050\/revisions"}],"predecessor-version":[{"id":25116,"href":"https:\/\/oz-plugin.com\/pb\/wp-json\/wp\/v2\/pages\/25050\/revisions\/25116"}],"wp:attachment":[{"href":"https:\/\/oz-plugin.com\/pb\/wp-json\/wp\/v2\/media?parent=25050"}],"curies":[{"name":"wp","href":"https:\/\/api.w.org\/{rel}","templated":true}]}}