{"id":23736,"date":"2023-01-09T09:36:40","date_gmt":"2023-01-09T06:36:40","guid":{"rendered":"https:\/\/oz-plugin.com\/?page_id=23736"},"modified":"2023-01-09T09:43:39","modified_gmt":"2023-01-09T06:43:39","slug":"frontend-calendar","status":"publish","type":"page","link":"https:\/\/oz-plugin.com\/pb\/frontend-calendar\/","title":{"rendered":"(EN) Frontend calendar"},"content":{"rendered":"<p class=\"qtranxs-available-languages-message qtranxs-available-languages-message-pb\">Desculpe-nos, mas este texto est\u00e1 apenas dispon\u00edvel em <a href=\"https:\/\/oz-plugin.com\/en\/wp-json\/wp\/v2\/pages\/23736\" class=\"qtranxs-available-language-link qtranxs-available-language-link-en\" title=\"EN\">Ingl\u00eas Americano<\/a>.<\/p><p><\/p>\n<h2>Frontend calendar example<\/h2>\n<p>Below is the appointment calendar for employee <a href=\"https:\/\/oz-plugin.com\/personal\/samy\/\">Kevin Brain<\/a>. Customer data is hidden for privacy purposes<\/p>\n<p><div id=\"oz_employee_profile\" class=\"oz_employee_profile_shortcode \"><\/div><\/p>","protected":false},"excerpt":{"rendered":"<p>Desculpe-nos, mas este texto est\u00e1 apenas dispon\u00edvel em Ingl\u00eas Americano. Frontend calendar example Below is the appointment calendar for employee Kevin Brain. Customer data is hidden for privacy purposes<\/p>\n","protected":false},"author":1,"featured_media":0,"parent":0,"menu_order":0,"comment_status":"closed","ping_status":"closed","template":"","meta":{"footnotes":""},"_links":{"self":[{"href":"https:\/\/oz-plugin.com\/pb\/wp-json\/wp\/v2\/pages\/23736"}],"collection":[{"href":"https:\/\/oz-plugin.com\/pb\/wp-json\/wp\/v2\/pages"}],"about":[{"href":"https:\/\/oz-plugin.com\/pb\/wp-json\/wp\/v2\/types\/page"}],"author":[{"embeddable":true,"href":"https:\/\/oz-plugin.com\/pb\/wp-json\/wp\/v2\/users\/1"}],"replies":[{"embeddable":true,"href":"https:\/\/oz-plugin.com\/pb\/wp-json\/wp\/v2\/comments?post=23736"}],"version-history":[{"count":0,"href":"https:\/\/oz-plugin.com\/pb\/wp-json\/wp\/v2\/pages\/23736\/revisions"}],"wp:attachment":[{"href":"https:\/\/oz-plugin.com\/pb\/wp-json\/wp\/v2\/media?parent=23736"}],"curies":[{"name":"wp","href":"https:\/\/api.w.org\/{rel}","templated":true}]}}