{"id":3178,"date":"2019-04-28T13:34:56","date_gmt":"2019-04-28T10:34:56","guid":{"rendered":"https:\/\/oz-plugin.com\/?page_id=3178"},"modified":"2021-07-15T11:34:10","modified_gmt":"2021-07-15T08:34:10","slug":"suggest-your-idea","status":"publish","type":"page","link":"https:\/\/oz-plugin.com\/es\/suggest-your-idea\/","title":{"rendered":"Suggest your idea"},"content":{"rendered":"<p class=\"qtranxs-available-languages-message qtranxs-available-languages-message-es\">Disculpa, pero esta entrada est\u00e1 disponible s\u00f3lo en <a href=\"https:\/\/oz-plugin.com\/en\/wp-json\/wp\/v2\/pages\/3178\" class=\"qtranxs-available-language-link qtranxs-available-language-link-en\" title=\"EN\">Ingl\u00e9s Estadounidense<\/a> y <a href=\"https:\/\/oz-plugin.com\/ru\/wp-json\/wp\/v2\/pages\/3178\" class=\"qtranxs-available-language-link qtranxs-available-language-link-ru\" title=\"RU\">Ruso<\/a>.<\/p><h2 class=\"wp-block-heading\">Vote for the most necessary feature and we will add it or suggest your own idea.<\/h2>\r\n\r\n\r\n<div class=\"dwqa-container\" ><div class=\"dwqa-questions-archive\"><div style=\"display:flex; align-items:center;\"><a href=\"#suggest_form\" class=\"btn_accent btn_small suggest-btn\">Sugerir<\/a><select style=\"padding: 5px 10px; margin: 10px 0 10px auto;\" id=\"dwqa-sort-by\" class=\"dwqa-sort-by\" onchange=\"this.options[this.selectedIndex].value; (window.location = this.options[this.selectedIndex].value);\"><option selected='selected' value=\"\/es\/wp-json\/wp\/v2\/pages\/3178\" >Order By<\/option><option value=\"\/es\/wp-json\/wp\/v2\/pages\/3178?sort=votes\">Popularity<\/option><option value=\"\/es\/wp-json\/wp\/v2\/pages\/3178?sort=trending\">Trending<\/option><\/select><\/div><div style=\"clear:both\"><\/div><div class=\"dwqa-questions-list\"><div id=\"suggestion-13597\" data-votes=\"36\" data-trending=\"0\" data-date=\"1594569112\" class=\"dwqa-question-item dwqa-question-item-closed row-flex flex-vop\"><div class=\"flex-content\"><div class=\"dwqa-question-title\"><strong>Service duration time slot<\/strong><\/div><div class=\"dwqa-question-content\">The step for time sells in booking form use service duration, for example: service duration is 30 minutes, time step will show 10:00-10:30; 10:30-11:00...<\/div><div class=\"dwqa-question-meta\"><span title=\"Added\" class=\"dwqa-status dwqa-status-closed\">Added<\/span><span>suggestion added a long time ago<\/span><\/div><\/div><div class=\"dwqa-question-stats\"><div class=\"dwqa-question-vote\" data-nonce=\"d4751e743b\" data-post=\"13597\"><span class=\"dwqa-vote-count\">36<\/span><span>votes<\/span><\/div><\/div><\/div><\/div><\/div><\/div>\n\r\n\r\n<div role=\"form\" class=\"wpcf7\" id=\"wpcf7-f1869-o2\" lang=\"en-US\" dir=\"ltr\">\n<div class=\"screen-reader-response\"><p role=\"status\" aria-live=\"polite\" aria-atomic=\"true\"><\/p> <ul><\/ul><\/div>\n<form action=\"\/es\/wp-json\/wp\/v2\/pages\/3178#wpcf7-f1869-o2\" method=\"post\" class=\"wpcf7-form init\" novalidate=\"novalidate\" data-status=\"init\">\n<div style=\"display: none;\">\n<input type=\"hidden\" name=\"_wpcf7\" value=\"1869\" \/>\n<input type=\"hidden\" name=\"_wpcf7_version\" value=\"5.4\" \/>\n<input type=\"hidden\" name=\"_wpcf7_locale\" value=\"en_US\" \/>\n<input type=\"hidden\" name=\"_wpcf7_unit_tag\" value=\"wpcf7-f1869-o2\" \/>\n<input type=\"hidden\" name=\"_wpcf7_container_post\" value=\"0\" \/>\n<input type=\"hidden\" name=\"_wpcf7_posted_data_hash\" value=\"\" \/>\n<input type=\"hidden\" name=\"_wpcf7_recaptcha_response\" value=\"\" \/>\n<\/div>\n<p>(EN)\n<div id=\"suggest_form\" class=\"oz_form_wrap_form\">\n<p>Or type here what would do you like to see in the new version.<\/p>\n<p><span class=\"wpcf7-form-control-wrap your-message\"><textarea name=\"your-message\" cols=\"40\" rows=\"3\" class=\"wpcf7-form-control wpcf7-textarea wpcf7-validates-as-required\" aria-required=\"true\" aria-invalid=\"false\" placeholder=\"Typing your answer here...\"><\/textarea><\/span><br><span class=\"wpcf7-form-control-wrap your-email\"><input type=\"email\" name=\"your-email\" value=\"\" size=\"40\" class=\"wpcf7-form-control wpcf7-text wpcf7-email wpcf7-validates-as-email\" aria-invalid=\"false\" placeholder=\"Email\" \/><\/span><br>\n\n<p><input type=\"submit\" value=\"Send\" class=\"wpcf7-form-control wpcf7-submit\" \/>\n<\/p><\/div>\n<div class=\"wpcf7-response-output\" aria-hidden=\"true\"><\/div><\/form><\/div>\n\r\n\r\n\r\n<div class=\"wp-block-spacer\" style=\"height: 100px;\" aria-hidden=\"true\">\u00a0<\/div>","protected":false},"excerpt":{"rendered":"<p>Disculpa, pero esta entrada est\u00e1 disponible s\u00f3lo en Ingl\u00e9s Estadounidense y Ruso. Vote for the most necessary feature and we will add it or suggest your own idea.<\/p>\n","protected":false},"author":1,"featured_media":0,"parent":0,"menu_order":0,"comment_status":"closed","ping_status":"closed","template":"","meta":{"footnotes":""},"_links":{"self":[{"href":"https:\/\/oz-plugin.com\/es\/wp-json\/wp\/v2\/pages\/3178"}],"collection":[{"href":"https:\/\/oz-plugin.com\/es\/wp-json\/wp\/v2\/pages"}],"about":[{"href":"https:\/\/oz-plugin.com\/es\/wp-json\/wp\/v2\/types\/page"}],"author":[{"embeddable":true,"href":"https:\/\/oz-plugin.com\/es\/wp-json\/wp\/v2\/users\/1"}],"replies":[{"embeddable":true,"href":"https:\/\/oz-plugin.com\/es\/wp-json\/wp\/v2\/comments?post=3178"}],"version-history":[{"count":6,"href":"https:\/\/oz-plugin.com\/es\/wp-json\/wp\/v2\/pages\/3178\/revisions"}],"predecessor-version":[{"id":3184,"href":"https:\/\/oz-plugin.com\/es\/wp-json\/wp\/v2\/pages\/3178\/revisions\/3184"}],"wp:attachment":[{"href":"https:\/\/oz-plugin.com\/es\/wp-json\/wp\/v2\/media?parent=3178"}],"curies":[{"name":"wp","href":"https:\/\/api.w.org\/{rel}","templated":true}]}}