{"id":25084,"date":"2023-08-25T15:25:24","date_gmt":"2023-08-25T22:25:24","guid":{"rendered":"https:\/\/oz-plugin.com\/?page_id=25084"},"modified":"2023-08-28T17:28:33","modified_gmt":"2023-08-29T00:28:33","slug":"appointment-booking-plugin-for-attorneys-and-lawyers","status":"publish","type":"page","link":"https:\/\/oz-plugin.com\/es\/appointment-booking-plugin-for-attorneys-and-lawyers\/","title":{"rendered":"Plugin de reserva de citas para abogados y abogadas."},"content":{"rendered":"<p><\/p>\n<div class=\"zp-horizontal-block\">\n<div class=\"zp-horizontal-img\">\n<a target=\"_blank\" href=\"https:\/\/appointment-attorney.oz-plugin.com\" rel=\"noopener\"><br \/>\n<img decoding=\"async\" loading=\"lazy\" src=\"https:\/\/oz-plugin.com\/wp-content\/uploads\/2023\/08\/test-book18919.gif\" alt=\"\" width=\"638\" height=\"399\" class=\"aligncenter size-full wp-image-25045\" \/><br \/>\n<\/a>\n<\/div>\n<div class=\"zp-horizontal-content\">\n<h1>Plugin de reserva de citas para abogados y abogadas<\/h1>\n<p>\n\u00a1Descubre nuestro Sistema de Reserva de Citas para Abogados!<br \/>\n\u00a1Atenci\u00f3n a todos los abogados! Eleva tu pr\u00e1ctica con nuestro eficiente plugin de reserva de citas. Simplifica la programaci\u00f3n, mejora la participaci\u00f3n de tus clientes y aumenta tu presencia en l\u00ednea. Dise\u00f1ado espec\u00edficamente para profesionales legales, es la clave para una pr\u00e1ctica m\u00e1s eficiente y centrada en el cliente. Pru\u00e9balo hoy y experimenta la diferencia.\n<\/p>\n<p><a target=\"_blank\" title=\"Plugin de reserva de citas para abogados y abogadas\" href=\"https:\/\/appointment-attorney.oz-plugin.com\" class=\"btn_accent\" rel=\"noopener\">Ver demostraci\u00f3n<\/a>\n<\/div>\n<\/div>\n<p><\/p>","protected":false},"excerpt":{"rendered":"<p>Plugin de reserva de citas para abogados y abogadas \u00a1Descubre nuestro Sistema de Reserva de Citas para Abogados! \u00a1Atenci\u00f3n a todos los abogados! Eleva tu pr\u00e1ctica con nuestro eficiente plugin de reserva de citas. Simplifica la programaci\u00f3n, mejora la participaci\u00f3n de tus clientes y aumenta tu presencia en l\u00ednea. Dise\u00f1ado espec\u00edficamente para profesionales legales, es [&hellip;]<\/p>\n","protected":false},"author":1,"featured_media":0,"parent":0,"menu_order":0,"comment_status":"closed","ping_status":"closed","template":"","meta":{"footnotes":""},"_links":{"self":[{"href":"https:\/\/oz-plugin.com\/es\/wp-json\/wp\/v2\/pages\/25084"}],"collection":[{"href":"https:\/\/oz-plugin.com\/es\/wp-json\/wp\/v2\/pages"}],"about":[{"href":"https:\/\/oz-plugin.com\/es\/wp-json\/wp\/v2\/types\/page"}],"author":[{"embeddable":true,"href":"https:\/\/oz-plugin.com\/es\/wp-json\/wp\/v2\/users\/1"}],"replies":[{"embeddable":true,"href":"https:\/\/oz-plugin.com\/es\/wp-json\/wp\/v2\/comments?post=25084"}],"version-history":[{"count":1,"href":"https:\/\/oz-plugin.com\/es\/wp-json\/wp\/v2\/pages\/25084\/revisions"}],"predecessor-version":[{"id":25120,"href":"https:\/\/oz-plugin.com\/es\/wp-json\/wp\/v2\/pages\/25084\/revisions\/25120"}],"wp:attachment":[{"href":"https:\/\/oz-plugin.com\/es\/wp-json\/wp\/v2\/media?parent=25084"}],"curies":[{"name":"wp","href":"https:\/\/api.w.org\/{rel}","templated":true}]}}