{"id":25077,"date":"2023-08-25T09:32:44","date_gmt":"2023-08-25T16:32:44","guid":{"rendered":"https:\/\/oz-plugin.com\/?page_id=25077"},"modified":"2023-08-28T17:27:44","modified_gmt":"2023-08-29T00:27:44","slug":"appointment-booking-system-for-astrology-psychic-tarot-reader","status":"publish","type":"page","link":"https:\/\/oz-plugin.com\/es\/appointment-booking-system-for-astrology-psychic-tarot-reader\/","title":{"rendered":"Sistema de reserva de citas para astrolog\u00eda, ps\u00edquicos y lectores de tarot."},"content":{"rendered":"<p><\/p>\n<div class=\"zp-horizontal-block\">\n<div class=\"zp-horizontal-img\">\n<a target=\"_blank\" href=\"https:\/\/appointment-tarot.oz-plugin.com\" rel=\"noopener\"><br \/>\n<img decoding=\"async\" loading=\"lazy\" src=\"https:\/\/oz-plugin.com\/wp-content\/uploads\/2023\/08\/test-book18918.gif\" alt=\"\" width=\"638\" height=\"399\" class=\"aligncenter size-full wp-image-25045\" \/><br \/>\n<\/a>\n<\/div>\n<div class=\"zp-horizontal-content\">\n<h1>Sistema de reserva de citas para astrolog\u00eda, ps\u00edquicos y lectores de tarot<\/h1>\n<p>\nBienvenido a nuestro intuitivo y fluido sistema de reserva de citas dise\u00f1ado para aquellos que buscan lecturas de fortuna, astrolog\u00eda, percepciones ps\u00edquicas, lecturas de tarot y quiromancia. Descubre una manera conveniente de conectarte con practicantes talentosos que se especializan en desentra\u00f1ar los misterios de la vida. Nuestra plataforma f\u00e1cil de usar te permite programar sesiones personalizadas con experimentados lectores de fortuna, astr\u00f3logos, ps\u00edquicos, lectores de tarot y quiromantes, todo al alcance de tu mano. Abraza el reino m\u00edstico y obt\u00e9n valiosas perspectivas sobre tu pasado, presente y futuro a trav\u00e9s de nuestro sistema de reserva de citas sin complicaciones.\n<\/p>\n<p><a target=\"_blank\" title=\"Sistema de reserva de citas para astrolog\u00eda, ps\u00edquicos y lectores de tarot\" href=\"https:\/\/appointment-tarot.oz-plugin.com\" class=\"btn_accent\" rel=\"noopener\">Ver demostraci\u00f3n<\/a>\n<\/div>\n<\/div>\n<p><\/p>","protected":false},"excerpt":{"rendered":"<p>Sistema de reserva de citas para astrolog\u00eda, ps\u00edquicos y lectores de tarot Bienvenido a nuestro intuitivo y fluido sistema de reserva de citas dise\u00f1ado para aquellos que buscan lecturas de fortuna, astrolog\u00eda, percepciones ps\u00edquicas, lecturas de tarot y quiromancia. Descubre una manera conveniente de conectarte con practicantes talentosos que se especializan en desentra\u00f1ar los misterios [&hellip;]<\/p>\n","protected":false},"author":1,"featured_media":0,"parent":0,"menu_order":0,"comment_status":"closed","ping_status":"closed","template":"","meta":{"footnotes":""},"_links":{"self":[{"href":"https:\/\/oz-plugin.com\/es\/wp-json\/wp\/v2\/pages\/25077"}],"collection":[{"href":"https:\/\/oz-plugin.com\/es\/wp-json\/wp\/v2\/pages"}],"about":[{"href":"https:\/\/oz-plugin.com\/es\/wp-json\/wp\/v2\/types\/page"}],"author":[{"embeddable":true,"href":"https:\/\/oz-plugin.com\/es\/wp-json\/wp\/v2\/users\/1"}],"replies":[{"embeddable":true,"href":"https:\/\/oz-plugin.com\/es\/wp-json\/wp\/v2\/comments?post=25077"}],"version-history":[{"count":1,"href":"https:\/\/oz-plugin.com\/es\/wp-json\/wp\/v2\/pages\/25077\/revisions"}],"predecessor-version":[{"id":25119,"href":"https:\/\/oz-plugin.com\/es\/wp-json\/wp\/v2\/pages\/25077\/revisions\/25119"}],"wp:attachment":[{"href":"https:\/\/oz-plugin.com\/es\/wp-json\/wp\/v2\/media?parent=25077"}],"curies":[{"name":"wp","href":"https:\/\/api.w.org\/{rel}","templated":true}]}}