{"id":25069,"date":"2023-08-24T22:08:58","date_gmt":"2023-08-25T05:08:58","guid":{"rendered":"https:\/\/oz-plugin.com\/?page_id=25069"},"modified":"2023-08-28T17:22:58","modified_gmt":"2023-08-29T00:22:58","slug":"appointment-booking-system-for-wellness-spa-and-beauty","status":"publish","type":"page","link":"https:\/\/oz-plugin.com\/es\/appointment-booking-system-for-wellness-spa-and-beauty\/","title":{"rendered":"Sistema de reserva de citas para bienestar, spa y belleza."},"content":{"rendered":"<p><\/p>\n<div class=\"zp-horizontal-block\">\n<div class=\"zp-horizontal-img\">\n<a target=\"_blank\" href=\"https:\/\/appointment-wellness.oz-plugin.com\/\" rel=\"noopener\"><br \/>\n<img decoding=\"async\" loading=\"lazy\" src=\"https:\/\/oz-plugin.com\/wp-content\/uploads\/2023\/08\/test-book18917.gif\" alt=\"\" width=\"638\" height=\"399\" class=\"aligncenter size-full wp-image-25045\" \/><br \/>\n<\/a>\n<\/div>\n<div class=\"zp-horizontal-content\">\n<h1>Sistema de reserva de citas para bienestar, spa y belleza<\/h1>\n<p>\nImpulse su negocio de bienestar, spa o belleza con nuestro sistema de reserva de citas de primera calidad. Programe de manera perfecta servicios muy solicitados como faciales, masajes, exfoliaciones corporales y tratamientos capilares. Mejore la visibilidad en l\u00ednea y los ingresos al ofrecer una reserva sin complicaciones para tratamientos de alta demanda como masajes de tejido profundo, extensiones de pesta\u00f1as y sesiones de bienestar hol\u00edstico. \u00danase a la transformaci\u00f3n digital y mejore su clasificaci\u00f3n en los motores de b\u00fasqueda con nuestra plataforma de programaci\u00f3n f\u00e1cil de usar.\n<\/p>\n<p><a target=\"_blank\" title=\"Sistema de reserva de citas para bienestar, spa y belleza\" href=\"https:\/\/appointment-wellness.oz-plugin.com\/\" class=\"btn_accent\" rel=\"noopener\">Ver demostraci\u00f3n<\/a>\n<\/div>\n<\/div>\n<p><\/p>","protected":false},"excerpt":{"rendered":"<p>Sistema de reserva de citas para bienestar, spa y belleza Impulse su negocio de bienestar, spa o belleza con nuestro sistema de reserva de citas de primera calidad. Programe de manera perfecta servicios muy solicitados como faciales, masajes, exfoliaciones corporales y tratamientos capilares. Mejore la visibilidad en l\u00ednea y los ingresos al ofrecer una reserva [&hellip;]<\/p>\n","protected":false},"author":1,"featured_media":0,"parent":0,"menu_order":0,"comment_status":"closed","ping_status":"closed","template":"","meta":{"footnotes":""},"_links":{"self":[{"href":"https:\/\/oz-plugin.com\/es\/wp-json\/wp\/v2\/pages\/25069"}],"collection":[{"href":"https:\/\/oz-plugin.com\/es\/wp-json\/wp\/v2\/pages"}],"about":[{"href":"https:\/\/oz-plugin.com\/es\/wp-json\/wp\/v2\/types\/page"}],"author":[{"embeddable":true,"href":"https:\/\/oz-plugin.com\/es\/wp-json\/wp\/v2\/users\/1"}],"replies":[{"embeddable":true,"href":"https:\/\/oz-plugin.com\/es\/wp-json\/wp\/v2\/comments?post=25069"}],"version-history":[{"count":1,"href":"https:\/\/oz-plugin.com\/es\/wp-json\/wp\/v2\/pages\/25069\/revisions"}],"predecessor-version":[{"id":25115,"href":"https:\/\/oz-plugin.com\/es\/wp-json\/wp\/v2\/pages\/25069\/revisions\/25115"}],"wp:attachment":[{"href":"https:\/\/oz-plugin.com\/es\/wp-json\/wp\/v2\/media?parent=25069"}],"curies":[{"name":"wp","href":"https:\/\/api.w.org\/{rel}","templated":true}]}}