{"id":25057,"date":"2023-08-24T12:03:53","date_gmt":"2023-08-24T19:03:53","guid":{"rendered":"https:\/\/oz-plugin.com\/?page_id=25057"},"modified":"2023-08-28T17:25:43","modified_gmt":"2023-08-29T00:25:43","slug":"appointment-booking-system-for-coaches-influencers","status":"publish","type":"page","link":"https:\/\/oz-plugin.com\/es\/appointment-booking-system-for-coaches-influencers\/","title":{"rendered":"Sistema de reserva de citas para entrenadores e influencers."},"content":{"rendered":"<p><\/p>\n<div class=\"zp-horizontal-block\">\n<div class=\"zp-horizontal-img\">\n<a target=\"_blank\" href=\"https:\/\/appointment-consultant.oz-plugin.com\/\" rel=\"noopener\"><br \/>\n<img decoding=\"async\" loading=\"lazy\" src=\"https:\/\/oz-plugin.com\/wp-content\/uploads\/2023\/08\/test-book18916.gif\" alt=\"\" width=\"638\" height=\"399\" class=\"aligncenter size-full wp-image-25045\" \/><br \/>\n<\/a>\n<\/div>\n<div class=\"zp-horizontal-content\">\n<h1>Sistema de reserva de citas para entrenadores, influencers y mentores<\/h1>\n<p>\nEleva tu coaching de desarrollo personal, blogging o viaje como influencer con nuestro sistema de reserva de citas optimizado para SEO. Integra esta herramienta f\u00e1cil de usar de manera transparente en tu plataforma en l\u00ednea, permitiendo que tus clientes o seguidores programen sesiones o consultas sin esfuerzo. Aumenta tu presencia en l\u00ednea y tu credibilidad al liberar m\u00e1s tiempo para proporcionar contenido valioso y orientaci\u00f3n. Descubre c\u00f3mo nuestro eficiente sistema de reserva puede mejorar tu profesionalismo y atraer a una audiencia m\u00e1s amplia, llevando tu viaje de desarrollo personal o influencia a nuevos niveles.\n<\/p>\n<p><a target=\"_blank\" title=\"Sistema de reserva de citas para entrenadores, influencers\" href=\"https:\/\/appointment-consultant.oz-plugin.com\/\" class=\"btn_accent\" rel=\"noopener\">Ver demostraci\u00f3n<\/a>\n<\/div>\n<\/div>\n<p><\/p>","protected":false},"excerpt":{"rendered":"<p>Sistema de reserva de citas para entrenadores, influencers y mentores Eleva tu coaching de desarrollo personal, blogging o viaje como influencer con nuestro sistema de reserva de citas optimizado para SEO. Integra esta herramienta f\u00e1cil de usar de manera transparente en tu plataforma en l\u00ednea, permitiendo que tus clientes o seguidores programen sesiones o consultas [&hellip;]<\/p>\n","protected":false},"author":1,"featured_media":0,"parent":0,"menu_order":0,"comment_status":"closed","ping_status":"closed","template":"","meta":{"footnotes":""},"_links":{"self":[{"href":"https:\/\/oz-plugin.com\/es\/wp-json\/wp\/v2\/pages\/25057"}],"collection":[{"href":"https:\/\/oz-plugin.com\/es\/wp-json\/wp\/v2\/pages"}],"about":[{"href":"https:\/\/oz-plugin.com\/es\/wp-json\/wp\/v2\/types\/page"}],"author":[{"embeddable":true,"href":"https:\/\/oz-plugin.com\/es\/wp-json\/wp\/v2\/users\/1"}],"replies":[{"embeddable":true,"href":"https:\/\/oz-plugin.com\/es\/wp-json\/wp\/v2\/comments?post=25057"}],"version-history":[{"count":1,"href":"https:\/\/oz-plugin.com\/es\/wp-json\/wp\/v2\/pages\/25057\/revisions"}],"predecessor-version":[{"id":25118,"href":"https:\/\/oz-plugin.com\/es\/wp-json\/wp\/v2\/pages\/25057\/revisions\/25118"}],"wp:attachment":[{"href":"https:\/\/oz-plugin.com\/es\/wp-json\/wp\/v2\/media?parent=25057"}],"curies":[{"name":"wp","href":"https:\/\/api.w.org\/{rel}","templated":true}]}}