{"id":25050,"date":"2023-08-24T07:49:26","date_gmt":"2023-08-24T14:49:26","guid":{"rendered":"https:\/\/oz-plugin.com\/?page_id=25050"},"modified":"2023-08-28T17:23:55","modified_gmt":"2023-08-29T00:23:55","slug":"appointment-booking-system-for-tutors","status":"publish","type":"page","link":"https:\/\/oz-plugin.com\/es\/appointment-booking-system-for-tutors\/","title":{"rendered":"Sistema de reserva de citas para tutores."},"content":{"rendered":"<p><\/p>\n<div class=\"zp-horizontal-block\">\n<div class=\"zp-horizontal-img\">\n<a target=\"_blank\" href=\"https:\/\/appointment-tutors.oz-plugin.com\/\" rel=\"noopener\"><br \/>\n<img decoding=\"async\" loading=\"lazy\" src=\"https:\/\/oz-plugin.com\/wp-content\/uploads\/2023\/08\/test-book18915.gif\" alt=\"\" width=\"638\" height=\"399\" class=\"aligncenter size-full wp-image-25045\" \/><br \/>\n<\/a>\n<\/div>\n<div class=\"zp-horizontal-content\">\n<h1>Sistema de reserva de citas para tutores<\/h1>\n<p>\n\u00a1Bienvenido a nuestro eficiente sistema de reserva de citas dise\u00f1ado espec\u00edficamente para tutores! Simplifica tu negocio de tutor\u00eda y conecta con estudiantes en las \u00e1reas m\u00e1s populares de aprendizaje. Ya sea en materias acad\u00e9micas, preparaci\u00f3n para ex\u00e1menes, aprendizaje de idiomas o desarrollo de habilidades, nuestra plataforma atiende a una amplia gama de campos de tutor\u00eda. Abraza el futuro de la educaci\u00f3n utilizando nuestra integraci\u00f3n perfecta de enlaces de video, lo que te permite llevar a cabo clases interactivas y efectivas de forma remota. Con nuestra interfaz f\u00e1cil de usar, gestionar tu horario y ofrecer educaci\u00f3n en l\u00ednea de alta calidad nunca ha sido m\u00e1s sencillo. \u00a1\u00danete a nosotros hoy y revoluciona la forma en que ense\u00f1as y te relacionas con los estudiantes!\n<\/p>\n<p><a target=\"_blank\" title=\"Sistema de reserva de citas para tutores\" href=\"https:\/\/appointment-tutors.oz-plugin.com\/\" class=\"btn_accent\" rel=\"noopener\">Ver demostraci\u00f3n<\/a>\n<\/div>\n<\/div>\n<p><\/p>","protected":false},"excerpt":{"rendered":"<p>Sistema de reserva de citas para tutores \u00a1Bienvenido a nuestro eficiente sistema de reserva de citas dise\u00f1ado espec\u00edficamente para tutores! Simplifica tu negocio de tutor\u00eda y conecta con estudiantes en las \u00e1reas m\u00e1s populares de aprendizaje. Ya sea en materias acad\u00e9micas, preparaci\u00f3n para ex\u00e1menes, aprendizaje de idiomas o desarrollo de habilidades, nuestra plataforma atiende a [&hellip;]<\/p>\n","protected":false},"author":1,"featured_media":0,"parent":0,"menu_order":0,"comment_status":"closed","ping_status":"closed","template":"","meta":{"footnotes":""},"_links":{"self":[{"href":"https:\/\/oz-plugin.com\/es\/wp-json\/wp\/v2\/pages\/25050"}],"collection":[{"href":"https:\/\/oz-plugin.com\/es\/wp-json\/wp\/v2\/pages"}],"about":[{"href":"https:\/\/oz-plugin.com\/es\/wp-json\/wp\/v2\/types\/page"}],"author":[{"embeddable":true,"href":"https:\/\/oz-plugin.com\/es\/wp-json\/wp\/v2\/users\/1"}],"replies":[{"embeddable":true,"href":"https:\/\/oz-plugin.com\/es\/wp-json\/wp\/v2\/comments?post=25050"}],"version-history":[{"count":1,"href":"https:\/\/oz-plugin.com\/es\/wp-json\/wp\/v2\/pages\/25050\/revisions"}],"predecessor-version":[{"id":25116,"href":"https:\/\/oz-plugin.com\/es\/wp-json\/wp\/v2\/pages\/25050\/revisions\/25116"}],"wp:attachment":[{"href":"https:\/\/oz-plugin.com\/es\/wp-json\/wp\/v2\/media?parent=25050"}],"curies":[{"name":"wp","href":"https:\/\/api.w.org\/{rel}","templated":true}]}}