{"id":25039,"date":"2023-08-23T16:25:51","date_gmt":"2023-08-23T23:25:51","guid":{"rendered":"https:\/\/oz-plugin.com\/?page_id=25039"},"modified":"2023-08-28T17:24:46","modified_gmt":"2023-08-29T00:24:46","slug":"appointment-booking-system-for-doctors-and-clinics","status":"publish","type":"page","link":"https:\/\/oz-plugin.com\/es\/appointment-booking-system-for-doctors-and-clinics\/","title":{"rendered":"Sistema de reserva de citas para m\u00e9dicos y cl\u00ednicas."},"content":{"rendered":"<p><\/p>\n<div class=\"zp-horizontal-block\">\n<div class=\"zp-horizontal-img\">\n<a target=\"_blank\" href=\"https:\/\/appointment-doctor.oz-plugin.com\/\" rel=\"noopener\"><br \/>\n<img decoding=\"async\" loading=\"lazy\" src=\"https:\/\/oz-plugin.com\/wp-content\/uploads\/2023\/08\/test-book18914.gif\" alt=\"\" width=\"638\" height=\"399\" class=\"aligncenter size-full wp-image-25045\" \/><br \/>\n<\/a>\n<\/div>\n<div class=\"zp-horizontal-content\">\n<h1>Sistema de reserva de citas para m\u00e9dicos y cl\u00ednicas<\/h1>\n<p>\nUn sistema de reserva de citas para m\u00e9dicos y cl\u00ednicas es una herramienta indispensable en el panorama de la atenci\u00f3n m\u00e9dica de hoy en d\u00eda. Nuestra soluci\u00f3n simplificada atiende a las diversas necesidades de los pacientes que buscan citas con una variedad de especialistas m\u00e9dicos, incluyendo m\u00e9dicos de atenci\u00f3n primaria, pediatras, dermat\u00f3logos y cirujanos ortop\u00e9dicos, entre otros. Con su interfaz f\u00e1cil de usar y funciones de categor\u00edas, el sistema de reserva Ozapp mejora la accesibilidad de los pacientes a departamentos como cardiolog\u00eda, oncolog\u00eda y gastroenterolog\u00eda, garantizando un proceso de reserva sin problemas y eficiente. La implementaci\u00f3n de un sistema de este tipo no solo optimiza las operaciones de la cl\u00ednica, sino que tambi\u00e9n mejora la experiencia del paciente, impulsando en \u00faltima instancia la visibilidad en l\u00ednea y la reputaci\u00f3n de los proveedores de atenci\u00f3n m\u00e9dica en un paisaje digital cada vez m\u00e1s competitivo.\n<\/p>\n<p><a target=\"_blank\" title=\"Sistema de reserva de citas para m\u00e9dicos y cl\u00ednicas\" href=\"https:\/\/appointment-doctor.oz-plugin.com\/\" class=\"btn_accent\" rel=\"noopener\">Ver demostraci\u00f3n<\/a>\n<\/div>\n<\/div>\n<p><\/p>","protected":false},"excerpt":{"rendered":"<p>Sistema de reserva de citas para m\u00e9dicos y cl\u00ednicas Un sistema de reserva de citas para m\u00e9dicos y cl\u00ednicas es una herramienta indispensable en el panorama de la atenci\u00f3n m\u00e9dica de hoy en d\u00eda. Nuestra soluci\u00f3n simplificada atiende a las diversas necesidades de los pacientes que buscan citas con una variedad de especialistas m\u00e9dicos, incluyendo [&hellip;]<\/p>\n","protected":false},"author":1,"featured_media":0,"parent":0,"menu_order":0,"comment_status":"closed","ping_status":"closed","template":"","meta":{"footnotes":""},"_links":{"self":[{"href":"https:\/\/oz-plugin.com\/es\/wp-json\/wp\/v2\/pages\/25039"}],"collection":[{"href":"https:\/\/oz-plugin.com\/es\/wp-json\/wp\/v2\/pages"}],"about":[{"href":"https:\/\/oz-plugin.com\/es\/wp-json\/wp\/v2\/types\/page"}],"author":[{"embeddable":true,"href":"https:\/\/oz-plugin.com\/es\/wp-json\/wp\/v2\/users\/1"}],"replies":[{"embeddable":true,"href":"https:\/\/oz-plugin.com\/es\/wp-json\/wp\/v2\/comments?post=25039"}],"version-history":[{"count":2,"href":"https:\/\/oz-plugin.com\/es\/wp-json\/wp\/v2\/pages\/25039\/revisions"}],"predecessor-version":[{"id":25117,"href":"https:\/\/oz-plugin.com\/es\/wp-json\/wp\/v2\/pages\/25039\/revisions\/25117"}],"wp:attachment":[{"href":"https:\/\/oz-plugin.com\/es\/wp-json\/wp\/v2\/media?parent=25039"}],"curies":[{"name":"wp","href":"https:\/\/api.w.org\/{rel}","templated":true}]}}